{"id":848,"date":"2021-10-30T21:22:51","date_gmt":"2021-10-30T21:22:51","guid":{"rendered":"https:\/\/estonianblacksmith.com\/?page_id=848"},"modified":"2024-11-17T21:45:25","modified_gmt":"2024-11-17T21:45:25","slug":"about-us","status":"publish","type":"page","link":"https:\/\/estonianblacksmith.com\/?page_id=848","title":{"rendered":"MINUST"},"content":{"rendered":"\n<div class=\"wp-block-media-text alignwide has-media-on-the-right is-stacked-on-mobile\"><div class=\"wp-block-media-text__content\">\n<h2>Viljar Pettai<\/h2>\n\n\n\n<p>Juba lapsep\u00f5lvest saati on mind k\u00f6itnud tuli ja sellega m\u00e4ngimine. Ent asju lihtsalt p\u00f5lema panna pole kunagi olnud minu jaoks. Selle asemel olen leidnud, et tuld ja energiat saab kasutada millekski palju t\u00e4hendusrikkamaks \u2013 loomiseks. N\u00e4iteks rauale elu, t\u00e4henduse ja n\u00e4o andmiseks.<\/p>\n\n\n\n<p>Sepat\u00f6\u00f6ga alustasin noorelt, ja t\u00e4naseks on mul selle alaga kogemust ligi 20 aastat. Esimesed teadmised ja oskused omandasin ise\u00f5ppimise teel, kuid t\u00e4iendasin neid hiljem Vana-Vigala Tehnika- ja Teeninduskoolis, kus \u00f5ppisin aastatel 2001\u20132003 sepat\u00f6\u00f6 ja kiviraidumise kutseeriala. P\u00e4rast kooli l\u00f5petamist lihvisin oma oskusi P\u00f5ltsamaa sepameistri Jaak Krivini juures. Aastatel 2004\u20132007 \u00f5ppisin V\u00e4imela Kutsehariduskeskuses, kus omandasin rakendusk\u00f5rghariduse baasil metallide t\u00f6\u00f6tlemise erialal.<\/p>\n\n\n\n<p>Minu eesm\u00e4rk on pakkuda klientidele v\u00f5imalikult loovaid lahendusi, samas s\u00e4ilitades traditsioonilise sepat\u00f6\u00f6 joone. Sepistan nii v\u00e4ikseid naelu kui ka suuri v\u00e4ravaid \u2013 ja k\u00f5ike, mis nende vahele j\u00e4\u00e4b.<\/p>\n\n\n\n<p><\/p>\n<\/div><figure class=\"wp-block-media-text__media\"><img decoding=\"async\" loading=\"lazy\" width=\"433\" height=\"576\" src=\"https:\/\/estonianblacksmith.com\/wp-content\/uploads\/2021\/12\/laadal2.jpg\" alt=\"Viljar Pettai laadal\" class=\"wp-image-970 size-full\" srcset=\"https:\/\/estonianblacksmith.com\/wp-content\/uploads\/2021\/12\/laadal2.jpg 433w, https:\/\/estonianblacksmith.com\/wp-content\/uploads\/2021\/12\/laadal2-226x300.jpg 226w\" sizes=\"(max-width: 433px) 100vw, 433px\" \/><\/figure><\/div>\n","protected":false},"excerpt":{"rendered":"<p>Viljar Pettai Juba lapsep\u00f5lvest saati on mind k\u00f6itnud tuli ja sellega m\u00e4ngimine. Ent asju lihtsalt p\u00f5lema panna pole kunagi olnud minu jaoks. Selle asemel olen leidnud, et tuld ja energiat saab kasutada millekski palju t\u00e4hendusrikkamaks \u2013 loomiseks. N\u00e4iteks rauale elu, t\u00e4henduse ja n\u00e4o andmiseks. Sepat\u00f6\u00f6ga alustasin noorelt, ja t\u00e4naseks on mul selle alaga kogemust ligi [&hellip;]<\/p>\n","protected":false},"author":1,"featured_media":0,"parent":0,"menu_order":0,"comment_status":"closed","ping_status":"closed","template":"","meta":{"om_disable_all_campaigns":false,"_mi_skip_tracking":false},"_links":{"self":[{"href":"https:\/\/estonianblacksmith.com\/index.php?rest_route=\/wp\/v2\/pages\/848"}],"collection":[{"href":"https:\/\/estonianblacksmith.com\/index.php?rest_route=\/wp\/v2\/pages"}],"about":[{"href":"https:\/\/estonianblacksmith.com\/index.php?rest_route=\/wp\/v2\/types\/page"}],"author":[{"embeddable":true,"href":"https:\/\/estonianblacksmith.com\/index.php?rest_route=\/wp\/v2\/users\/1"}],"replies":[{"embeddable":true,"href":"https:\/\/estonianblacksmith.com\/index.php?rest_route=%2Fwp%2Fv2%2Fcomments&post=848"}],"version-history":[{"count":5,"href":"https:\/\/estonianblacksmith.com\/index.php?rest_route=\/wp\/v2\/pages\/848\/revisions"}],"predecessor-version":[{"id":1154,"href":"https:\/\/estonianblacksmith.com\/index.php?rest_route=\/wp\/v2\/pages\/848\/revisions\/1154"}],"wp:attachment":[{"href":"https:\/\/estonianblacksmith.com\/index.php?rest_route=%2Fwp%2Fv2%2Fmedia&parent=848"}],"curies":[{"name":"wp","href":"https:\/\/api.w.org\/{rel}","templated":true}]}}