{"id":1158,"date":"2025-02-26T20:02:14","date_gmt":"2025-02-26T20:02:14","guid":{"rendered":"https:\/\/estonianblacksmith.com\/?page_id=1158"},"modified":"2025-02-26T20:08:22","modified_gmt":"2025-02-26T20:08:22","slug":"restaureerimine","status":"publish","type":"page","link":"https:\/\/estonianblacksmith.com\/?page_id=1158","title":{"rendered":"RESTAUREERIMINE"},"content":{"rendered":"\n<div class=\"is-layout-flex wp-container-4 wp-block-columns\">\n<div class=\"is-layout-flow wp-block-column\">\n<p>Vanadel sepistatud esemetel on oma lugu, hing ja ajatu v\u00e4\u00e4rtus. Olgu tegemist aida luku, aia, v\u00e4rava, kirve v\u00f5i vana t\u00f6\u00f6riistaga \u2013 nende esemetega kaasneb tihti ajalugu, mida tasub hoida ja taastada. Just see inspireerib mind sepiste restaureerimist\u00f6\u00f6d tegema.<\/p>\n\n\n\n<p>Sepiste restaureerimine on kunst ja vastutus. Minu eesm\u00e4rk on anda esemetele uus elu, s\u00e4ilitades nende algup\u00e4rane v\u00e4limus ja meistritehnika. Iga ese r\u00e4\u00e4gib oma loo, ning restaureerimise k\u00e4igus p\u00fc\u00fcan tuua esile selle ajaloolise ja praktilise v\u00e4\u00e4rtuse. Olgu tegemist roostes, katkise v\u00f5i ajahambast puretud esemega \u2013 iga t\u00f6\u00f6 n\u00f5uab p\u00fchendumist ja p\u00f5hjalikku k\u00e4sit\u00f6\u00f6d.<\/p>\n\n\n\n<p>Minu kogemustepagas h\u00f5lmab \u00fcle 20 aasta sepistamist ning teadmisi traditsioonilistest meetoditest. Olen restaureerinud nii v\u00e4ikeseid sepiseid, nagu lukud ja t\u00f6\u00f6riistad, kui ka suuremaid, n\u00e4iteks aiad ja v\u00e4ravad. Iga projekt on ainulaadne ja v\u00e4\u00e4rib erit\u00e4helepanu, et tulemus oleks kestlik ja v\u00e4\u00e4rikas.<\/p>\n\n\n\n<p>Kui sinu valduses on vana sepis, mis vajab taastamist, aitan hea meelega selle uuesti ellu \u00e4ratada \u2013 nii, et see kannaks edasi oma lugu veel kaua aega.<\/p>\n\n\n\n<figure class=\"is-layout-flex wp-block-gallery-1 wp-block-gallery has-nested-images columns-default is-cropped\">\n<figure class=\"wp-block-image size-large\"><img decoding=\"async\" loading=\"lazy\" width=\"1024\" height=\"768\" src=\"https:\/\/estonianblacksmith.com\/wp-content\/uploads\/2025\/02\/8b1ad2aa-2133-4840-b8d8-b5122ecab9c0-1-1024x768.jpg\" alt=\"\" class=\"wp-image-1175\" srcset=\"https:\/\/estonianblacksmith.com\/wp-content\/uploads\/2025\/02\/8b1ad2aa-2133-4840-b8d8-b5122ecab9c0-1-1024x768.jpg 1024w, https:\/\/estonianblacksmith.com\/wp-content\/uploads\/2025\/02\/8b1ad2aa-2133-4840-b8d8-b5122ecab9c0-1-300x225.jpg 300w, https:\/\/estonianblacksmith.com\/wp-content\/uploads\/2025\/02\/8b1ad2aa-2133-4840-b8d8-b5122ecab9c0-1-768x576.jpg 768w, https:\/\/estonianblacksmith.com\/wp-content\/uploads\/2025\/02\/8b1ad2aa-2133-4840-b8d8-b5122ecab9c0-1-1536x1152.jpg 1536w, https:\/\/estonianblacksmith.com\/wp-content\/uploads\/2025\/02\/8b1ad2aa-2133-4840-b8d8-b5122ecab9c0-1.jpg 2016w\" sizes=\"(max-width: 1024px) 100vw, 1024px\" \/><\/figure>\n\n\n\n<figure class=\"wp-block-image size-large\"><img decoding=\"async\" loading=\"lazy\" width=\"768\" height=\"1024\" src=\"https:\/\/estonianblacksmith.com\/wp-content\/uploads\/2025\/02\/11adf446-523d-4f24-b28c-6f77a2070880-1-768x1024.jpg\" alt=\"\" class=\"wp-image-1173\" srcset=\"https:\/\/estonianblacksmith.com\/wp-content\/uploads\/2025\/02\/11adf446-523d-4f24-b28c-6f77a2070880-1-768x1024.jpg 768w, https:\/\/estonianblacksmith.com\/wp-content\/uploads\/2025\/02\/11adf446-523d-4f24-b28c-6f77a2070880-1-225x300.jpg 225w, https:\/\/estonianblacksmith.com\/wp-content\/uploads\/2025\/02\/11adf446-523d-4f24-b28c-6f77a2070880-1-1152x1536.jpg 1152w, https:\/\/estonianblacksmith.com\/wp-content\/uploads\/2025\/02\/11adf446-523d-4f24-b28c-6f77a2070880-1.jpg 1512w\" sizes=\"(max-width: 768px) 100vw, 768px\" \/><\/figure>\n\n\n\n<figure class=\"wp-block-image size-large\"><img decoding=\"async\" loading=\"lazy\" width=\"768\" height=\"1024\" src=\"https:\/\/estonianblacksmith.com\/wp-content\/uploads\/2025\/02\/460d48ab-df01-45c1-b808-04215bc4700e-1-768x1024.jpg\" alt=\"\" class=\"wp-image-1172\" srcset=\"https:\/\/estonianblacksmith.com\/wp-content\/uploads\/2025\/02\/460d48ab-df01-45c1-b808-04215bc4700e-1-768x1024.jpg 768w, https:\/\/estonianblacksmith.com\/wp-content\/uploads\/2025\/02\/460d48ab-df01-45c1-b808-04215bc4700e-1-225x300.jpg 225w, https:\/\/estonianblacksmith.com\/wp-content\/uploads\/2025\/02\/460d48ab-df01-45c1-b808-04215bc4700e-1-1152x1536.jpg 1152w, https:\/\/estonianblacksmith.com\/wp-content\/uploads\/2025\/02\/460d48ab-df01-45c1-b808-04215bc4700e-1.jpg 1512w\" sizes=\"(max-width: 768px) 100vw, 768px\" \/><\/figure>\n\n\n\n<figure class=\"wp-block-image size-large\"><img decoding=\"async\" loading=\"lazy\" width=\"1024\" height=\"768\" src=\"https:\/\/estonianblacksmith.com\/wp-content\/uploads\/2025\/02\/634c6141-9de8-409a-a833-f75f1520929a-1-1024x768.jpg\" alt=\"\" class=\"wp-image-1169\" srcset=\"https:\/\/estonianblacksmith.com\/wp-content\/uploads\/2025\/02\/634c6141-9de8-409a-a833-f75f1520929a-1-1024x768.jpg 1024w, https:\/\/estonianblacksmith.com\/wp-content\/uploads\/2025\/02\/634c6141-9de8-409a-a833-f75f1520929a-1-300x225.jpg 300w, https:\/\/estonianblacksmith.com\/wp-content\/uploads\/2025\/02\/634c6141-9de8-409a-a833-f75f1520929a-1-768x576.jpg 768w, https:\/\/estonianblacksmith.com\/wp-content\/uploads\/2025\/02\/634c6141-9de8-409a-a833-f75f1520929a-1-1536x1152.jpg 1536w, https:\/\/estonianblacksmith.com\/wp-content\/uploads\/2025\/02\/634c6141-9de8-409a-a833-f75f1520929a-1.jpg 2016w\" sizes=\"(max-width: 1024px) 100vw, 1024px\" \/><\/figure>\n\n\n\n<figure class=\"wp-block-image size-large\"><img decoding=\"async\" loading=\"lazy\" width=\"1024\" height=\"768\" src=\"https:\/\/estonianblacksmith.com\/wp-content\/uploads\/2025\/02\/991c2313-e54a-4c8c-a5db-b0557397c1fd-1-1024x768.jpg\" alt=\"\" class=\"wp-image-1176\" srcset=\"https:\/\/estonianblacksmith.com\/wp-content\/uploads\/2025\/02\/991c2313-e54a-4c8c-a5db-b0557397c1fd-1-1024x768.jpg 1024w, https:\/\/estonianblacksmith.com\/wp-content\/uploads\/2025\/02\/991c2313-e54a-4c8c-a5db-b0557397c1fd-1-300x225.jpg 300w, https:\/\/estonianblacksmith.com\/wp-content\/uploads\/2025\/02\/991c2313-e54a-4c8c-a5db-b0557397c1fd-1-768x576.jpg 768w, https:\/\/estonianblacksmith.com\/wp-content\/uploads\/2025\/02\/991c2313-e54a-4c8c-a5db-b0557397c1fd-1-1536x1152.jpg 1536w, https:\/\/estonianblacksmith.com\/wp-content\/uploads\/2025\/02\/991c2313-e54a-4c8c-a5db-b0557397c1fd-1.jpg 2016w\" sizes=\"(max-width: 1024px) 100vw, 1024px\" \/><\/figure>\n\n\n\n<figure class=\"wp-block-image size-large\"><img decoding=\"async\" loading=\"lazy\" width=\"1024\" height=\"768\" src=\"https:\/\/estonianblacksmith.com\/wp-content\/uploads\/2025\/02\/f22f84e4-1586-4073-aa36-2f69c709f59a-1-1024x768.jpg\" alt=\"\" class=\"wp-image-1171\" srcset=\"https:\/\/estonianblacksmith.com\/wp-content\/uploads\/2025\/02\/f22f84e4-1586-4073-aa36-2f69c709f59a-1-1024x768.jpg 1024w, https:\/\/estonianblacksmith.com\/wp-content\/uploads\/2025\/02\/f22f84e4-1586-4073-aa36-2f69c709f59a-1-300x225.jpg 300w, https:\/\/estonianblacksmith.com\/wp-content\/uploads\/2025\/02\/f22f84e4-1586-4073-aa36-2f69c709f59a-1-768x576.jpg 768w, https:\/\/estonianblacksmith.com\/wp-content\/uploads\/2025\/02\/f22f84e4-1586-4073-aa36-2f69c709f59a-1-1536x1152.jpg 1536w, https:\/\/estonianblacksmith.com\/wp-content\/uploads\/2025\/02\/f22f84e4-1586-4073-aa36-2f69c709f59a-1.jpg 2016w\" sizes=\"(max-width: 1024px) 100vw, 1024px\" \/><\/figure>\n<\/figure>\n<\/div>\n<\/div>\n","protected":false},"excerpt":{"rendered":"<p>Vanadel sepistatud esemetel on oma lugu, hing ja ajatu v\u00e4\u00e4rtus. Olgu tegemist aida luku, aia, v\u00e4rava, kirve v\u00f5i vana t\u00f6\u00f6riistaga \u2013 nende esemetega kaasneb tihti ajalugu, mida tasub hoida ja taastada. Just see inspireerib mind sepiste restaureerimist\u00f6\u00f6d tegema. Sepiste restaureerimine on kunst ja vastutus. Minu eesm\u00e4rk on anda esemetele uus elu, s\u00e4ilitades nende algup\u00e4rane v\u00e4limus [&hellip;]<\/p>\n","protected":false},"author":1,"featured_media":0,"parent":0,"menu_order":0,"comment_status":"closed","ping_status":"closed","template":"","meta":{"om_disable_all_campaigns":false,"_mi_skip_tracking":false},"_links":{"self":[{"href":"https:\/\/estonianblacksmith.com\/index.php?rest_route=\/wp\/v2\/pages\/1158"}],"collection":[{"href":"https:\/\/estonianblacksmith.com\/index.php?rest_route=\/wp\/v2\/pages"}],"about":[{"href":"https:\/\/estonianblacksmith.com\/index.php?rest_route=\/wp\/v2\/types\/page"}],"author":[{"embeddable":true,"href":"https:\/\/estonianblacksmith.com\/index.php?rest_route=\/wp\/v2\/users\/1"}],"replies":[{"embeddable":true,"href":"https:\/\/estonianblacksmith.com\/index.php?rest_route=%2Fwp%2Fv2%2Fcomments&post=1158"}],"version-history":[{"count":3,"href":"https:\/\/estonianblacksmith.com\/index.php?rest_route=\/wp\/v2\/pages\/1158\/revisions"}],"predecessor-version":[{"id":1180,"href":"https:\/\/estonianblacksmith.com\/index.php?rest_route=\/wp\/v2\/pages\/1158\/revisions\/1180"}],"wp:attachment":[{"href":"https:\/\/estonianblacksmith.com\/index.php?rest_route=%2Fwp%2Fv2%2Fmedia&parent=1158"}],"curies":[{"name":"wp","href":"https:\/\/api.w.org\/{rel}","templated":true}]}}